{"id":158,"date":"2022-11-14T17:12:37","date_gmt":"2022-11-14T22:12:37","guid":{"rendered":"https:\/\/amorplantonico.com.co\/?post_type=product&#038;p=158"},"modified":"2023-07-05T11:22:46","modified_gmt":"2023-07-05T16:22:46","slug":"g3-4-ap001","status":"publish","type":"product","link":"https:\/\/amorplantonico.com.co\/index.php\/product\/g3-4-ap001\/","title":{"rendered":"Glazed AP1001"},"content":{"rendered":"<p><b>Modelo: Glazed AP1001<\/b><b><\/p>\n<p><\/b><span style=\"font-weight: 400;\"><strong>Di\u00e1metro de la boca:<\/strong> 8 cm<\/span><span style=\"font-weight: 400;\"><\/p>\n<p><\/span><span style=\"font-weight: 400;\"><strong>Ancho x Largo:<\/strong> 8 cm x 8 cm<\/span><span style=\"font-weight: 400;\"><\/p>\n<p><\/span><span style=\"font-weight: 400;\"><strong>Unidades por envase:<\/strong> 1<\/span><\/p>\n<p><strong>Maceta esmaltada para bons\u00e1i y suculentas<\/strong><\/p>\n<p><span style=\"font-weight: 400;\"><strong style=\"font-size: 16px; font-style: normal;\">Descripci\u00f3n:<\/p>\n<p><\/strong><strong>Medidas:<\/strong> 3 pulgadas &#8211; 8 cm apx.<\/span><span style=\"font-weight: 400;\"><\/p>\n<p><\/span><span style=\"font-weight: 400;\"><strong>Color:<\/strong> Verde Jade<\/span><span style=\"font-weight: 400;\"><\/p>\n<p><\/span><span style=\"font-weight: 400;\"><strong>Origen:<\/strong> Asia<\/span><\/p>\n<p><strong style=\"font-size: 16px; font-style: normal;\">Otras caracter\u00edsticas<\/strong><\/p>\n<p><span style=\"font-weight: 400;\"><strong style=\"font-size: 16px;\">Forma:<\/strong>\u00a0Org\u00e1nico<\/span><span style=\"font-weight: 400;\"><\/p>\n<p><\/span><span style=\"font-weight: 400;\"><strong style=\"font-size: 16px;\">Material:<\/strong>\u00a0Cer\u00e1mica<\/span><span style=\"font-weight: 400;\"><\/p>\n<p><\/span><span style=\"font-weight: 400;\"><strong style=\"font-size: 16px;\">Es apto para huertas:<\/strong>\u00a0S\u00ed<\/span><\/p>\n<p><b>Garant\u00eda:<\/b><span style=\"font-weight: 400;\"> al ser un producto cer\u00e1mico, este producto s\u00f3lo tiene garant\u00eda si al momento de su entrega llega quebrada o fisurada, en este caso favor enviar fotos reales del producto. (3 d\u00edas)<\/span><\/p>\n","protected":false},"excerpt":{"rendered":"<p><span style=\"font-weight: 400;\"><strong>Di\u00e1metro de la boca:<\/strong> 8 cm<\/p>\n<p><\/span><\/p>\n","protected":false},"featured_media":159,"comment_status":"open","ping_status":"closed","template":"","meta":{"om_disable_all_campaigns":false,"_monsterinsights_skip_tracking":false,"_monsterinsights_sitenote_active":false,"_monsterinsights_sitenote_note":"","_monsterinsights_sitenote_category":0,"site-sidebar-layout":"default","site-content-layout":"default","ast-site-content-layout":"","site-content-style":"default","site-sidebar-style":"default","ast-global-header-display":"","ast-banner-title-visibility":"","ast-main-header-display":"","ast-hfb-above-header-display":"","ast-hfb-below-header-display":"","ast-hfb-mobile-header-display":"","site-post-title":"","ast-breadcrumbs-content":"","ast-featured-img":"","footer-sml-layout":"","theme-transparent-header-meta":"default","adv-header-id-meta":"","stick-header-meta":"","header-above-stick-meta":"","header-main-stick-meta":"","header-below-stick-meta":"","astra-migrate-meta-layouts":"default","ast-page-background-enabled":"default","ast-page-background-meta":{"desktop":{"background-color":"var(--ast-global-color-4)","background-image":"","background-repeat":"repeat","background-position":"center center","background-size":"auto","background-attachment":"scroll","background-type":"","background-media":"","overlay-type":"","overlay-color":"","overlay-opacity":"","overlay-gradient":""},"tablet":{"background-color":"","background-image":"","background-repeat":"repeat","background-position":"center center","background-size":"auto","background-attachment":"scroll","background-type":"","background-media":"","overlay-type":"","overlay-color":"","overlay-opacity":"","overlay-gradient":""},"mobile":{"background-color":"","background-image":"","background-repeat":"repeat","background-position":"center center","background-size":"auto","background-attachment":"scroll","background-type":"","background-media":"","overlay-type":"","overlay-color":"","overlay-opacity":"","overlay-gradient":""}},"ast-content-background-meta":{"desktop":{"background-color":"var(--ast-global-color-5)","background-image":"","background-repeat":"repeat","background-position":"center center","background-size":"auto","background-attachment":"scroll","background-type":"","background-media":"","overlay-type":"","overlay-color":"","overlay-opacity":"","overlay-gradient":""},"tablet":{"background-color":"var(--ast-global-color-5)","background-image":"","background-repeat":"repeat","background-position":"center center","background-size":"auto","background-attachment":"scroll","background-type":"","background-media":"","overlay-type":"","overlay-color":"","overlay-opacity":"","overlay-gradient":""},"mobile":{"background-color":"var(--ast-global-color-5)","background-image":"","background-repeat":"repeat","background-position":"center center","background-size":"auto","background-attachment":"scroll","background-type":"","background-media":"","overlay-type":"","overlay-color":"","overlay-opacity":"","overlay-gradient":""}}},"product_cat":[40,25],"product_tag":[61,60,59,62],"class_list":{"0":"post-158","1":"product","2":"type-product","3":"status-publish","4":"has-post-thumbnail","6":"product_cat-ceramica","7":"product_cat-macetas","8":"product_tag-bonsai","9":"product_tag-maceta","10":"product_tag-matera","11":"product_tag-suculentas","12":"desktop-align-left","13":"tablet-align-left","14":"mobile-align-left","16":"first","17":"instock","18":"shipping-taxable","19":"purchasable","20":"product-type-simple"},"aioseo_notices":[],"_links":{"self":[{"href":"https:\/\/amorplantonico.com.co\/index.php\/wp-json\/wp\/v2\/product\/158"}],"collection":[{"href":"https:\/\/amorplantonico.com.co\/index.php\/wp-json\/wp\/v2\/product"}],"about":[{"href":"https:\/\/amorplantonico.com.co\/index.php\/wp-json\/wp\/v2\/types\/product"}],"replies":[{"embeddable":true,"href":"https:\/\/amorplantonico.com.co\/index.php\/wp-json\/wp\/v2\/comments?post=158"}],"wp:featuredmedia":[{"embeddable":true,"href":"https:\/\/amorplantonico.com.co\/index.php\/wp-json\/wp\/v2\/media\/159"}],"wp:attachment":[{"href":"https:\/\/amorplantonico.com.co\/index.php\/wp-json\/wp\/v2\/media?parent=158"}],"wp:term":[{"taxonomy":"product_cat","embeddable":true,"href":"https:\/\/amorplantonico.com.co\/index.php\/wp-json\/wp\/v2\/product_cat?post=158"},{"taxonomy":"product_tag","embeddable":true,"href":"https:\/\/amorplantonico.com.co\/index.php\/wp-json\/wp\/v2\/product_tag?post=158"}],"curies":[{"name":"wp","href":"https:\/\/api.w.org\/{rel}","templated":true}]}}