{"id":250,"date":"2022-11-14T19:36:30","date_gmt":"2022-11-15T00:36:30","guid":{"rendered":"https:\/\/amorplantonico.com.co\/?post_type=product&#038;p=250"},"modified":"2023-07-05T11:22:29","modified_gmt":"2023-07-05T16:22:29","slug":"ug10-ap102","status":"publish","type":"product","link":"https:\/\/amorplantonico.com.co\/index.php\/product\/ug10-ap102\/","title":{"rendered":"Maceta &#8211; AP1003"},"content":{"rendered":"<p class=\"ui-pdp-title\"><strong>Caracter\u00edsticas principales<\/strong><\/p>\n<p><strong>Modelo:<\/strong> <span class=\"andes-table__column--value\">AP &#8211; 1003<\/span><\/p>\n<p><strong>Altura x Ancho x Largo:<\/strong> 8 cm x 22 cm x 26 cm<\/p>\n<p><strong>Unidades por envase:<\/strong> 1<\/p>\n<p class=\"ui-pdp-description__title\"><strong>Descripci\u00f3n<\/strong><\/p>\n<p>Matera Maceta Pot sin esmaltar, el complemento perfecto para cultivar tu \u00e1rbol, suculenta o planta favorita<\/p>\n<p>Color: Marr\u00f3n<\/p>\n<p>Origen: Asia<\/p>\n<p><strong>Garant\u00eda:<\/strong> al ser un producto cer\u00e1mico, este producto s\u00f3lo tiene garant\u00eda si al momento de su entrega llega quebrada o fisurada, en este caso favor enviar fotos reales del producto.<\/p>\n<p class=\"ui-pdp-specs__subtitle\"><strong>Otras caracter\u00edsticas<\/strong><\/p>\n<p class=\"ui-pdp-specs__subtitle\"><span style=\"font-size: 16px;\"><strong>Color:<\/strong> Marr\u00f3n<\/p>\n<p><\/span><strong style=\"font-size: 16px;\"><span class=\"ui-pdp-color--BLACK ui-pdp-size--XSMALL ui-pdp-family--BOLD\">Forma<\/span>:<\/strong><span style=\"font-size: 16px;\"> Rectangular<\/p>\n<p><\/span><strong style=\"font-size: 16px;\"><span class=\"ui-pdp-color--BLACK ui-pdp-size--XSMALL ui-pdp-family--BOLD\">Material<\/span>:<\/strong><span style=\"font-size: 16px;\"> Cer\u00e1mica<\/p>\n<p><\/span><span style=\"font-size: 16px;\"><strong>Origen:<\/strong> Asia<\/p>\n<p><\/span><strong style=\"font-size: 16px;\"><span class=\"ui-pdp-color--BLACK ui-pdp-size--XSMALL ui-pdp-family--BOLD\">Es apto para huertas<\/span>:<\/strong><span style=\"font-size: 16px;\"> S\u00ed<\/span><\/p>\n","protected":false},"excerpt":{"rendered":"<p><strong>Altura x Ancho x Largo:<\/strong> 8 cm x 22 cm x 26 cm<\/p>\n","protected":false},"featured_media":251,"comment_status":"open","ping_status":"closed","template":"","meta":{"om_disable_all_campaigns":false,"_monsterinsights_skip_tracking":false,"_monsterinsights_sitenote_active":false,"_monsterinsights_sitenote_note":"","_monsterinsights_sitenote_category":0,"site-sidebar-layout":"default","site-content-layout":"default","ast-site-content-layout":"","site-content-style":"default","site-sidebar-style":"default","ast-global-header-display":"","ast-banner-title-visibility":"","ast-main-header-display":"","ast-hfb-above-header-display":"","ast-hfb-below-header-display":"","ast-hfb-mobile-header-display":"","site-post-title":"","ast-breadcrumbs-content":"","ast-featured-img":"","footer-sml-layout":"","theme-transparent-header-meta":"default","adv-header-id-meta":"","stick-header-meta":"","header-above-stick-meta":"","header-main-stick-meta":"","header-below-stick-meta":"","astra-migrate-meta-layouts":"default","ast-page-background-enabled":"default","ast-page-background-meta":{"desktop":{"background-color":"var(--ast-global-color-4)","background-image":"","background-repeat":"repeat","background-position":"center center","background-size":"auto","background-attachment":"scroll","background-type":"","background-media":"","overlay-type":"","overlay-color":"","overlay-opacity":"","overlay-gradient":""},"tablet":{"background-color":"","background-image":"","background-repeat":"repeat","background-position":"center center","background-size":"auto","background-attachment":"scroll","background-type":"","background-media":"","overlay-type":"","overlay-color":"","overlay-opacity":"","overlay-gradient":""},"mobile":{"background-color":"","background-image":"","background-repeat":"repeat","background-position":"center center","background-size":"auto","background-attachment":"scroll","background-type":"","background-media":"","overlay-type":"","overlay-color":"","overlay-opacity":"","overlay-gradient":""}},"ast-content-background-meta":{"desktop":{"background-color":"var(--ast-global-color-5)","background-image":"","background-repeat":"repeat","background-position":"center center","background-size":"auto","background-attachment":"scroll","background-type":"","background-media":"","overlay-type":"","overlay-color":"","overlay-opacity":"","overlay-gradient":""},"tablet":{"background-color":"var(--ast-global-color-5)","background-image":"","background-repeat":"repeat","background-position":"center center","background-size":"auto","background-attachment":"scroll","background-type":"","background-media":"","overlay-type":"","overlay-color":"","overlay-opacity":"","overlay-gradient":""},"mobile":{"background-color":"var(--ast-global-color-5)","background-image":"","background-repeat":"repeat","background-position":"center center","background-size":"auto","background-attachment":"scroll","background-type":"","background-media":"","overlay-type":"","overlay-color":"","overlay-opacity":"","overlay-gradient":""}}},"product_cat":[40,25],"product_tag":[61,60,59,62],"class_list":{"0":"post-250","1":"product","2":"type-product","3":"status-publish","4":"has-post-thumbnail","6":"product_cat-ceramica","7":"product_cat-macetas","8":"product_tag-bonsai","9":"product_tag-maceta","10":"product_tag-matera","11":"product_tag-suculentas","12":"desktop-align-left","13":"tablet-align-left","14":"mobile-align-left","16":"first","17":"instock","18":"shipping-taxable","19":"purchasable","20":"product-type-simple"},"aioseo_notices":[],"_links":{"self":[{"href":"https:\/\/amorplantonico.com.co\/index.php\/wp-json\/wp\/v2\/product\/250"}],"collection":[{"href":"https:\/\/amorplantonico.com.co\/index.php\/wp-json\/wp\/v2\/product"}],"about":[{"href":"https:\/\/amorplantonico.com.co\/index.php\/wp-json\/wp\/v2\/types\/product"}],"replies":[{"embeddable":true,"href":"https:\/\/amorplantonico.com.co\/index.php\/wp-json\/wp\/v2\/comments?post=250"}],"wp:featuredmedia":[{"embeddable":true,"href":"https:\/\/amorplantonico.com.co\/index.php\/wp-json\/wp\/v2\/media\/251"}],"wp:attachment":[{"href":"https:\/\/amorplantonico.com.co\/index.php\/wp-json\/wp\/v2\/media?parent=250"}],"wp:term":[{"taxonomy":"product_cat","embeddable":true,"href":"https:\/\/amorplantonico.com.co\/index.php\/wp-json\/wp\/v2\/product_cat?post=250"},{"taxonomy":"product_tag","embeddable":true,"href":"https:\/\/amorplantonico.com.co\/index.php\/wp-json\/wp\/v2\/product_tag?post=250"}],"curies":[{"name":"wp","href":"https:\/\/api.w.org\/{rel}","templated":true}]}}