{"id":714,"date":"2023-01-08T21:57:47","date_gmt":"2023-01-09T02:57:47","guid":{"rendered":"https:\/\/amorplantonico.com.co\/?post_type=product&#038;p=714"},"modified":"2023-07-05T11:20:51","modified_gmt":"2023-07-05T16:20:51","slug":"sierra-plegable-plus-sw69","status":"publish","type":"product","link":"https:\/\/amorplantonico.com.co\/index.php\/product\/sierra-plegable-plus-sw69\/","title":{"rendered":"Fiskars Sierra Plegable"},"content":{"rendered":"<p class=\"ui-pdp-specs__title\"><strong>Caracter\u00edsticas principales<\/strong><\/p>\n<ul>\n<li>Perfecta para cortar ramas y tallos gruesos de forma r\u00e1pida y limpia<\/li>\n<li>3 posiciones de corte: rebaje para cortes iniciales limpios, recto para cortes generales y sujeci\u00f3n como pistola para mayor fuerza de palanca<\/li>\n<li>El bot\u00f3n de bloqueo tambi\u00e9n inmoviliza la hoja en posici\u00f3n plegada para almacenaje y transporte seguros<\/li>\n<li>La hoja Power Tooth incluida incorpora dientes muy afilados con triple rectificaci\u00f3n para un uso duradero<\/li>\n<li>El cambio de hoja mediante tornillo garantiza gran potencia y precisi\u00f3n, temporada tras temporada (hoja de recambio de 20\u00a0cm #1067555)<\/li>\n<li>Los puntos de contacto SoftGrip\u2122 del mango ergon\u00f3mico garantiza una sujeci\u00f3n antideslizante en cualquier posici\u00f3n<\/li>\n<li>La hoja de 7\u00a0TPI permite realizar cortes r\u00e1pidos y agresivos<\/li>\n<li>Longitud de la hoja: 21cm<\/li>\n<\/ul>\n<p>Gracias a sus tres posiciones de corte con bloqueo de hoja, la sierra plegable Plus\u2122 SW69 (21cm) le permite realizar cualquier corte desde el mejor \u00e1ngulo. Su hoja Power Tooth incorpora dientes muy afilados con triple rectificado para realizar cortes r\u00e1pidos y limpios, se puede bloquear de forma segura en las posiciones de rebaje, recto y pistola y tambi\u00e9n plegarse con seguridad para almacenaje y transporte. Un corte limpio y saneado se consigue perfectamente en 3 pasos sencillos. Primero, atraviese la corteza por debajo de la rama en la posici\u00f3n de rebaje. A continuaci\u00f3n, utilice la posici\u00f3n recta, o de pistola para aplicar mayor fuerza de palanca, y corte la rama unos cent\u00edmetros desde el corte de rebaje inicial. Acabe cortando el resto de la rama entre el tronco y el rebaje. La ergon\u00f3mica empu\u00f1adura de la sierra incorpora puntos de contacto SoftGrip\u2122 para una sujeci\u00f3n c\u00f3moda antideslizante y la facilidad del cambio de la hoja garantiza el rendimiento de esta sierra temporada tras temporada<\/p>\n","protected":false},"excerpt":{"rendered":"<p><strong>Longitud de la hoja:<\/strong> 21cm<\/p>\n","protected":false},"featured_media":698,"comment_status":"open","ping_status":"closed","template":"","meta":{"om_disable_all_campaigns":false,"_monsterinsights_skip_tracking":false,"_monsterinsights_sitenote_active":false,"_monsterinsights_sitenote_note":"","_monsterinsights_sitenote_category":0,"site-sidebar-layout":"default","site-content-layout":"default","ast-site-content-layout":"","site-content-style":"default","site-sidebar-style":"default","ast-global-header-display":"","ast-banner-title-visibility":"","ast-main-header-display":"","ast-hfb-above-header-display":"","ast-hfb-below-header-display":"","ast-hfb-mobile-header-display":"","site-post-title":"","ast-breadcrumbs-content":"","ast-featured-img":"","footer-sml-layout":"","theme-transparent-header-meta":"default","adv-header-id-meta":"","stick-header-meta":"","header-above-stick-meta":"","header-main-stick-meta":"","header-below-stick-meta":"","astra-migrate-meta-layouts":"default","ast-page-background-enabled":"default","ast-page-background-meta":{"desktop":{"background-color":"var(--ast-global-color-4)","background-image":"","background-repeat":"repeat","background-position":"center center","background-size":"auto","background-attachment":"scroll","background-type":"","background-media":"","overlay-type":"","overlay-color":"","overlay-opacity":"","overlay-gradient":""},"tablet":{"background-color":"","background-image":"","background-repeat":"repeat","background-position":"center center","background-size":"auto","background-attachment":"scroll","background-type":"","background-media":"","overlay-type":"","overlay-color":"","overlay-opacity":"","overlay-gradient":""},"mobile":{"background-color":"","background-image":"","background-repeat":"repeat","background-position":"center center","background-size":"auto","background-attachment":"scroll","background-type":"","background-media":"","overlay-type":"","overlay-color":"","overlay-opacity":"","overlay-gradient":""}},"ast-content-background-meta":{"desktop":{"background-color":"var(--ast-global-color-5)","background-image":"","background-repeat":"repeat","background-position":"center center","background-size":"auto","background-attachment":"scroll","background-type":"","background-media":"","overlay-type":"","overlay-color":"","overlay-opacity":"","overlay-gradient":""},"tablet":{"background-color":"var(--ast-global-color-5)","background-image":"","background-repeat":"repeat","background-position":"center center","background-size":"auto","background-attachment":"scroll","background-type":"","background-media":"","overlay-type":"","overlay-color":"","overlay-opacity":"","overlay-gradient":""},"mobile":{"background-color":"var(--ast-global-color-5)","background-image":"","background-repeat":"repeat","background-position":"center center","background-size":"auto","background-attachment":"scroll","background-type":"","background-media":"","overlay-type":"","overlay-color":"","overlay-opacity":"","overlay-gradient":""}}},"product_cat":[29,63],"product_tag":[],"class_list":{"0":"post-714","1":"product","2":"type-product","3":"status-publish","4":"has-post-thumbnail","6":"product_cat-herramientas","7":"product_cat-sierras","8":"desktop-align-left","9":"tablet-align-left","10":"mobile-align-left","12":"first","13":"instock","14":"shipping-taxable","15":"purchasable","16":"product-type-simple"},"aioseo_notices":[],"_links":{"self":[{"href":"https:\/\/amorplantonico.com.co\/index.php\/wp-json\/wp\/v2\/product\/714"}],"collection":[{"href":"https:\/\/amorplantonico.com.co\/index.php\/wp-json\/wp\/v2\/product"}],"about":[{"href":"https:\/\/amorplantonico.com.co\/index.php\/wp-json\/wp\/v2\/types\/product"}],"replies":[{"embeddable":true,"href":"https:\/\/amorplantonico.com.co\/index.php\/wp-json\/wp\/v2\/comments?post=714"}],"wp:featuredmedia":[{"embeddable":true,"href":"https:\/\/amorplantonico.com.co\/index.php\/wp-json\/wp\/v2\/media\/698"}],"wp:attachment":[{"href":"https:\/\/amorplantonico.com.co\/index.php\/wp-json\/wp\/v2\/media?parent=714"}],"wp:term":[{"taxonomy":"product_cat","embeddable":true,"href":"https:\/\/amorplantonico.com.co\/index.php\/wp-json\/wp\/v2\/product_cat?post=714"},{"taxonomy":"product_tag","embeddable":true,"href":"https:\/\/amorplantonico.com.co\/index.php\/wp-json\/wp\/v2\/product_tag?post=714"}],"curies":[{"name":"wp","href":"https:\/\/api.w.org\/{rel}","templated":true}]}}