{"id":803,"date":"2023-04-30T17:49:10","date_gmt":"2023-04-30T22:49:10","guid":{"rendered":"https:\/\/amorplantonico.com.co\/?post_type=product&#038;p=803"},"modified":"2023-07-05T11:20:11","modified_gmt":"2023-07-05T16:20:11","slug":"maceta-4-p-glazed_175","status":"publish","type":"product","link":"https:\/\/amorplantonico.com.co\/index.php\/product\/maceta-4-p-glazed_175\/","title":{"rendered":"Maceta &#8211; 4 P. GLAZED_175"},"content":{"rendered":"<p class=\"ui-pdp-description__title\"><strong>Descripci\u00f3n<\/strong><\/p>\n<p class=\"ui-pdp-description__title\">Matera Maceta Pot de cer\u00e1mica para Bons\u00e1i, el complemento perfecto para cultivar tu \u00e1rbol, suculenta o planta favorita.<\/p>\n<p class=\"ui-pdp-title\"><strong>Caracter\u00edsticas principales<\/strong><\/p>\n<p><strong>Modelo:<\/strong> AP &#8211; 4P1015<\/p>\n<p><strong>Color: <\/strong><span id=\"picker-label-COLOR_SECONDARY_COLOR\" class=\"ui-pdp-variations__selected-label ui-pdp-color--BLACK\">Verde claro<\/span><\/p>\n<p><strong>Altura x Ancho x Largo:<\/strong> 5 cm x 8 cm x 10 cm<\/p>\n<p><strong>Unidades por envase:<\/strong> 1<\/p>\n","protected":false},"excerpt":{"rendered":"<p><strong>Altura x Ancho x Largo:<\/strong> 5 cm x 8 cm x 10 cm<\/p>\n","protected":false},"featured_media":804,"comment_status":"open","ping_status":"closed","template":"","meta":{"om_disable_all_campaigns":false,"_monsterinsights_skip_tracking":false,"_monsterinsights_sitenote_active":false,"_monsterinsights_sitenote_note":"","_monsterinsights_sitenote_category":0,"site-sidebar-layout":"default","site-content-layout":"default","ast-site-content-layout":"","site-content-style":"default","site-sidebar-style":"default","ast-global-header-display":"","ast-banner-title-visibility":"","ast-main-header-display":"","ast-hfb-above-header-display":"","ast-hfb-below-header-display":"","ast-hfb-mobile-header-display":"","site-post-title":"","ast-breadcrumbs-content":"","ast-featured-img":"","footer-sml-layout":"","theme-transparent-header-meta":"default","adv-header-id-meta":"","stick-header-meta":"","header-above-stick-meta":"","header-main-stick-meta":"","header-below-stick-meta":"","astra-migrate-meta-layouts":"default","ast-page-background-enabled":"default","ast-page-background-meta":{"desktop":{"background-color":"var(--ast-global-color-4)","background-image":"","background-repeat":"repeat","background-position":"center center","background-size":"auto","background-attachment":"scroll","background-type":"","background-media":"","overlay-type":"","overlay-color":"","overlay-opacity":"","overlay-gradient":""},"tablet":{"background-color":"","background-image":"","background-repeat":"repeat","background-position":"center center","background-size":"auto","background-attachment":"scroll","background-type":"","background-media":"","overlay-type":"","overlay-color":"","overlay-opacity":"","overlay-gradient":""},"mobile":{"background-color":"","background-image":"","background-repeat":"repeat","background-position":"center center","background-size":"auto","background-attachment":"scroll","background-type":"","background-media":"","overlay-type":"","overlay-color":"","overlay-opacity":"","overlay-gradient":""}},"ast-content-background-meta":{"desktop":{"background-color":"var(--ast-global-color-5)","background-image":"","background-repeat":"repeat","background-position":"center center","background-size":"auto","background-attachment":"scroll","background-type":"","background-media":"","overlay-type":"","overlay-color":"","overlay-opacity":"","overlay-gradient":""},"tablet":{"background-color":"var(--ast-global-color-5)","background-image":"","background-repeat":"repeat","background-position":"center center","background-size":"auto","background-attachment":"scroll","background-type":"","background-media":"","overlay-type":"","overlay-color":"","overlay-opacity":"","overlay-gradient":""},"mobile":{"background-color":"var(--ast-global-color-5)","background-image":"","background-repeat":"repeat","background-position":"center center","background-size":"auto","background-attachment":"scroll","background-type":"","background-media":"","overlay-type":"","overlay-color":"","overlay-opacity":"","overlay-gradient":""}}},"product_cat":[40,25],"product_tag":[],"class_list":{"0":"post-803","1":"product","2":"type-product","3":"status-publish","4":"has-post-thumbnail","6":"product_cat-ceramica","7":"product_cat-macetas","8":"desktop-align-left","9":"tablet-align-left","10":"mobile-align-left","12":"first","13":"instock","14":"shipping-taxable","15":"purchasable","16":"product-type-simple"},"aioseo_notices":[],"_links":{"self":[{"href":"https:\/\/amorplantonico.com.co\/index.php\/wp-json\/wp\/v2\/product\/803"}],"collection":[{"href":"https:\/\/amorplantonico.com.co\/index.php\/wp-json\/wp\/v2\/product"}],"about":[{"href":"https:\/\/amorplantonico.com.co\/index.php\/wp-json\/wp\/v2\/types\/product"}],"replies":[{"embeddable":true,"href":"https:\/\/amorplantonico.com.co\/index.php\/wp-json\/wp\/v2\/comments?post=803"}],"wp:featuredmedia":[{"embeddable":true,"href":"https:\/\/amorplantonico.com.co\/index.php\/wp-json\/wp\/v2\/media\/804"}],"wp:attachment":[{"href":"https:\/\/amorplantonico.com.co\/index.php\/wp-json\/wp\/v2\/media?parent=803"}],"wp:term":[{"taxonomy":"product_cat","embeddable":true,"href":"https:\/\/amorplantonico.com.co\/index.php\/wp-json\/wp\/v2\/product_cat?post=803"},{"taxonomy":"product_tag","embeddable":true,"href":"https:\/\/amorplantonico.com.co\/index.php\/wp-json\/wp\/v2\/product_tag?post=803"}],"curies":[{"name":"wp","href":"https:\/\/api.w.org\/{rel}","templated":true}]}}